{"id":1013,"date":"2025-06-03T15:34:21","date_gmt":"2025-06-03T15:34:21","guid":{"rendered":"https:\/\/www.masadajack.com\/?page_id=1013"},"modified":"2025-06-04T06:32:34","modified_gmt":"2025-06-04T06:32:34","slug":"compare","status":"publish","type":"page","link":"https:\/\/www.masadajack.com\/pt\/compare\/","title":{"rendered":"Comparar"},"content":{"rendered":"<div data-elementor-type=\"wp-page\" data-elementor-id=\"1013\" class=\"elementor elementor-1013\" data-elementor-post-type=\"page\">\n\t\t\t\t<div class=\"wd-negative-gap elementor-element elementor-element-7f686b4 e-flex e-con-boxed e-con e-parent\" data-id=\"7f686b4\" data-element_type=\"container\">\n\t\t\t\t\t<div class=\"e-con-inner\">\n\t\t\t\t<div class=\"elementor-element elementor-element-fbde35f elementor-widget elementor-widget-wd_compare\" data-id=\"fbde35f\" data-element_type=\"widget\" data-widget_type=\"wd_compare.default\">\n\t\t\t\t<div class=\"elementor-widget-container\">\n\t\t\t\t\t\t\t<p class=\"wd-empty-compare wd-empty-page\">\n\t\t\tCompare list is empty.\t\t<\/p>\n\t\t\t\t\t<div class=\"wd-empty-page-text\">\n\t\t\t\tN\u00e3o foram adicionados produtos na lista de compara\u00e7\u00e3o. \u00c9 necess\u00e1rio adicionar alguns produtos para os comparar. Encontrar\u00e1 muitos produtos interessantes na nossa p\u00e1gina \"Loja\".\t\t\t<\/div>\n\t\t\t\t<p class=\"return-to-shop\">\n\t\t\t<a class=\"button\" href=\"https:\/\/www.masadajack.com\/pt\/products\/\">\n\t\t\t\tReturn to shop\t\t\t<\/a>\n\t\t<\/p>\n\t\t\t\t\t\t<\/div>\n\t\t\t\t<\/div>\n\t\t\t\t\t<\/div>\n\t\t\t\t<\/div>\n\t\t\t\t<\/div>","protected":false},"excerpt":{"rendered":"<p>Remove Catch-All Dish &#036;14.00 Add to cart Remove Ceramic Incense Holder &#036;28.00 Add to cart Description You begin with a<\/p>","protected":false},"author":2,"featured_media":0,"parent":0,"menu_order":0,"comment_status":"closed","ping_status":"closed","template":"","meta":{"_acf_changed":false,"om_disable_all_campaigns":false,"_monsterinsights_skip_tracking":false,"_monsterinsights_sitenote_active":false,"_monsterinsights_sitenote_note":"","_monsterinsights_sitenote_category":0,"footnotes":""},"class_list":["post-1013","page","type-page","status-publish","hentry"],"acf":[],"yoast_head":"<!-- This site is optimized with the Yoast SEO plugin v26.1.1 - https:\/\/yoast.com\/wordpress\/plugins\/seo\/ -->\n<title>Compare | www.masadajack.com<\/title>\n<meta name=\"robots\" content=\"index, follow, max-snippet:-1, max-image-preview:large, max-video-preview:-1\" \/>\n<link rel=\"canonical\" href=\"https:\/\/www.masadajack.com\/pt\/compare\/\" \/>\n<meta property=\"og:locale\" content=\"pt_PT\" \/>\n<meta property=\"og:type\" content=\"article\" \/>\n<meta property=\"og:title\" content=\"Compare | www.masadajack.com\" \/>\n<meta property=\"og:description\" content=\"Remove Catch-All Dish &#036;14.00 Add to cart Remove Ceramic Incense Holder &#036;28.00 Add to cart Description You begin with a\" \/>\n<meta property=\"og:url\" content=\"https:\/\/www.masadajack.com\/pt\/compare\/\" \/>\n<meta property=\"og:site_name\" content=\"www.masadajack.com\" \/>\n<meta property=\"article:modified_time\" content=\"2025-06-04T06:32:34+00:00\" \/>\n<meta property=\"og:image\" content=\"https:\/\/www.masadajack.com\/wp-content\/uploads\/w-hp-decor-12-1-600x600.jpg\" \/>\n<meta name=\"twitter:card\" content=\"summary_large_image\" \/>\n<meta name=\"twitter:label1\" content=\"Tempo estimado de leitura\" \/>\n\t<meta name=\"twitter:data1\" content=\"1 minute\" \/>\n<script type=\"application\/ld+json\" class=\"yoast-schema-graph\">{\"@context\":\"https:\/\/schema.org\",\"@graph\":[{\"@type\":\"WebPage\",\"@id\":\"https:\/\/www.masadajack.com\/fr\/compare\/\",\"url\":\"https:\/\/www.masadajack.com\/fr\/compare\/\",\"name\":\"Compare | www.masadajack.com\",\"isPartOf\":{\"@id\":\"https:\/\/www.masadajack.com\/#website\"},\"primaryImageOfPage\":{\"@id\":\"https:\/\/www.masadajack.com\/fr\/compare\/#primaryimage\"},\"image\":{\"@id\":\"https:\/\/www.masadajack.com\/fr\/compare\/#primaryimage\"},\"thumbnailUrl\":\"https:\/\/www.masadajack.com\/wp-content\/uploads\/w-hp-decor-12-1-600x600.jpg\",\"datePublished\":\"2025-06-03T15:34:21+00:00\",\"dateModified\":\"2025-06-04T06:32:34+00:00\",\"breadcrumb\":{\"@id\":\"https:\/\/www.masadajack.com\/fr\/compare\/#breadcrumb\"},\"inLanguage\":\"pt-PT\",\"potentialAction\":[{\"@type\":\"ReadAction\",\"target\":[\"https:\/\/www.masadajack.com\/fr\/compare\/\"]}]},{\"@type\":\"ImageObject\",\"inLanguage\":\"pt-PT\",\"@id\":\"https:\/\/www.masadajack.com\/fr\/compare\/#primaryimage\",\"url\":\"https:\/\/www.masadajack.com\/wp-content\/uploads\/w-hp-decor-12-1-600x600.jpg\",\"contentUrl\":\"https:\/\/www.masadajack.com\/wp-content\/uploads\/w-hp-decor-12-1-600x600.jpg\"},{\"@type\":\"BreadcrumbList\",\"@id\":\"https:\/\/www.masadajack.com\/fr\/compare\/#breadcrumb\",\"itemListElement\":[{\"@type\":\"ListItem\",\"position\":1,\"name\":\"\u9996\u9875\",\"item\":\"https:\/\/www.masadajack.com\/\"},{\"@type\":\"ListItem\",\"position\":2,\"name\":\"Compare\"}]},{\"@type\":\"WebSite\",\"@id\":\"https:\/\/www.masadajack.com\/#website\",\"url\":\"https:\/\/www.masadajack.com\/\",\"name\":\"www.masadajack.com\",\"description\":\"\",\"potentialAction\":[{\"@type\":\"SearchAction\",\"target\":{\"@type\":\"EntryPoint\",\"urlTemplate\":\"https:\/\/www.masadajack.com\/?s={search_term_string}\"},\"query-input\":{\"@type\":\"PropertyValueSpecification\",\"valueRequired\":true,\"valueName\":\"search_term_string\"}}],\"inLanguage\":\"pt-PT\"}]}<\/script>\n<!-- \/ Yoast SEO plugin. -->","yoast_head_json":{"title":"Compare | www.masadajack.com","robots":{"index":"index","follow":"follow","max-snippet":"max-snippet:-1","max-image-preview":"max-image-preview:large","max-video-preview":"max-video-preview:-1"},"canonical":"https:\/\/www.masadajack.com\/pt\/compare\/","og_locale":"pt_PT","og_type":"article","og_title":"Compare | www.masadajack.com","og_description":"Remove Catch-All Dish &#036;14.00 Add to cart Remove Ceramic Incense Holder &#036;28.00 Add to cart Description You begin with a","og_url":"https:\/\/www.masadajack.com\/pt\/compare\/","og_site_name":"www.masadajack.com","article_modified_time":"2025-06-04T06:32:34+00:00","og_image":[{"url":"https:\/\/www.masadajack.com\/wp-content\/uploads\/w-hp-decor-12-1-600x600.jpg","type":"","width":"","height":""}],"twitter_card":"summary_large_image","twitter_misc":{"Tempo estimado de leitura":"1 minute"},"schema":{"@context":"https:\/\/schema.org","@graph":[{"@type":"WebPage","@id":"https:\/\/www.masadajack.com\/fr\/compare\/","url":"https:\/\/www.masadajack.com\/fr\/compare\/","name":"Compare | www.masadajack.com","isPartOf":{"@id":"https:\/\/www.masadajack.com\/#website"},"primaryImageOfPage":{"@id":"https:\/\/www.masadajack.com\/fr\/compare\/#primaryimage"},"image":{"@id":"https:\/\/www.masadajack.com\/fr\/compare\/#primaryimage"},"thumbnailUrl":"https:\/\/www.masadajack.com\/wp-content\/uploads\/w-hp-decor-12-1-600x600.jpg","datePublished":"2025-06-03T15:34:21+00:00","dateModified":"2025-06-04T06:32:34+00:00","breadcrumb":{"@id":"https:\/\/www.masadajack.com\/fr\/compare\/#breadcrumb"},"inLanguage":"pt-PT","potentialAction":[{"@type":"ReadAction","target":["https:\/\/www.masadajack.com\/fr\/compare\/"]}]},{"@type":"ImageObject","inLanguage":"pt-PT","@id":"https:\/\/www.masadajack.com\/fr\/compare\/#primaryimage","url":"https:\/\/www.masadajack.com\/wp-content\/uploads\/w-hp-decor-12-1-600x600.jpg","contentUrl":"https:\/\/www.masadajack.com\/wp-content\/uploads\/w-hp-decor-12-1-600x600.jpg"},{"@type":"BreadcrumbList","@id":"https:\/\/www.masadajack.com\/fr\/compare\/#breadcrumb","itemListElement":[{"@type":"ListItem","position":1,"name":"\u9996\u9875","item":"https:\/\/www.masadajack.com\/"},{"@type":"ListItem","position":2,"name":"Compare"}]},{"@type":"WebSite","@id":"https:\/\/www.masadajack.com\/#website","url":"https:\/\/www.masadajack.com\/","name":"www.masadajack.com","description":"","potentialAction":[{"@type":"SearchAction","target":{"@type":"EntryPoint","urlTemplate":"https:\/\/www.masadajack.com\/?s={search_term_string}"},"query-input":{"@type":"PropertyValueSpecification","valueRequired":true,"valueName":"search_term_string"}}],"inLanguage":"pt-PT"}]}},"_links":{"self":[{"href":"https:\/\/www.masadajack.com\/pt\/wp-json\/wp\/v2\/pages\/1013","targetHints":{"allow":["GET"]}}],"collection":[{"href":"https:\/\/www.masadajack.com\/pt\/wp-json\/wp\/v2\/pages"}],"about":[{"href":"https:\/\/www.masadajack.com\/pt\/wp-json\/wp\/v2\/types\/page"}],"author":[{"embeddable":true,"href":"https:\/\/www.masadajack.com\/pt\/wp-json\/wp\/v2\/users\/2"}],"replies":[{"embeddable":true,"href":"https:\/\/www.masadajack.com\/pt\/wp-json\/wp\/v2\/comments?post=1013"}],"version-history":[{"count":4,"href":"https:\/\/www.masadajack.com\/pt\/wp-json\/wp\/v2\/pages\/1013\/revisions"}],"predecessor-version":[{"id":1087,"href":"https:\/\/www.masadajack.com\/pt\/wp-json\/wp\/v2\/pages\/1013\/revisions\/1087"}],"wp:attachment":[{"href":"https:\/\/www.masadajack.com\/pt\/wp-json\/wp\/v2\/media?parent=1013"}],"curies":[{"name":"wp","href":"https:\/\/api.w.org\/{rel}","templated":true}]}}